{"id":5,"date":"2021-01-27T12:37:30","date_gmt":"2021-01-27T11:37:30","guid":{"rendered":"http:\/\/landini.info.pl\/?page_id=5"},"modified":"2026-05-06T15:22:38","modified_gmt":"2026-05-06T13:22:38","slug":"carraro-thaler","status":"publish","type":"page","link":"https:\/\/amg.info.pl\/","title":{"rendered":"Carraro Landini Zetor Thaler Bobcat Hexagon"},"content":{"rendered":"<p>[et_pb_section fb_built=&#8221;1&#8243; _builder_version=&#8221;4.8.1&#8243; _module_preset=&#8221;default&#8221; custom_padding=&#8221;3px||57px|||&#8221;][et_pb_row _builder_version=&#8221;4.9.1&#8243; _module_preset=&#8221;default&#8221; width=&#8221;100%&#8221; max_width=&#8221;2560px&#8221; custom_margin=&#8221;-7px|auto||auto||&#8221;][et_pb_column type=&#8221;4_4&#8243; _builder_version=&#8221;4.8.1&#8243; _module_preset=&#8221;default&#8221;][et_pb_image src=&#8221;https:\/\/amg.info.pl\/wp-content\/uploads\/2025\/10\/Budynek-AMG-przyciety_mniejszy.png&#8221; title_text=&#8221;Budynek-AMG-przyciety_mniejszy&#8221; _builder_version=&#8221;4.9.1&#8243; _module_preset=&#8221;default&#8221; custom_margin=&#8221;-24px|||||&#8221;][\/et_pb_image][\/et_pb_column][\/et_pb_row][et_pb_row column_structure=&#8221;1_4,1_4,1_4,1_4&#8243; _builder_version=&#8221;4.8.1&#8243; _module_preset=&#8221;default&#8221; custom_margin=&#8221;-7px|auto||auto||&#8221;][et_pb_column type=&#8221;1_4&#8243; _builder_version=&#8221;4.8.1&#8243; _module_preset=&#8221;default&#8221;][et_pb_image src=&#8221;https:\/\/amg.info.pl\/wp-content\/uploads\/2024\/08\/V_VL.jpg&#8221; title_text=&#8221;V_VL&#8221; url=&#8221;\/index.php\/ciagnikitraktorysadowniczerolniczelesnegorskie\/&#8221; align=&#8221;center&#8221; module_class=&#8221;zoom&#8221; _builder_version=&#8221;4.9.1&#8243; _module_preset=&#8221;default&#8221; max_height=&#8221;150px&#8221;][\/et_pb_image][et_pb_text _builder_version=&#8221;4.8.1&#8243; _module_preset=&#8221;default&#8221; text_text_color=&#8221;#000000&#8243; text_font_size=&#8221;20px&#8221;]<\/p>\n<p style=\"text-align: center;\"><strong>Ci\u0105gniki<\/strong><\/p>\n<p>[\/et_pb_text][\/et_pb_column][et_pb_column type=&#8221;1_4&#8243; _builder_version=&#8221;4.8.1&#8243; _module_preset=&#8221;default&#8221;][et_pb_image src=&#8221;https:\/\/amg.info.pl\/wp-content\/uploads\/2024\/08\/4161-TA-ikon.jpg&#8221; title_text=&#8221;4161-TA-ikon&#8221; url=&#8221;\/index.php\/ladowarki&#8221; align=&#8221;center&#8221; module_class=&#8221;zoom&#8221; _builder_version=&#8221;4.9.1&#8243; _module_preset=&#8221;default&#8221; max_height=&#8221;150px&#8221;][\/et_pb_image][et_pb_text _builder_version=&#8221;4.8.1&#8243; _module_preset=&#8221;default&#8221; text_text_color=&#8221;#000000&#8243; text_font_size=&#8221;20px&#8221;]<\/p>\n<p style=\"text-align: center;\"><strong>\u0141adowarki\/Koparki<\/strong><\/p>\n<p>[\/et_pb_text][\/et_pb_column][et_pb_column type=&#8221;1_4&#8243; _builder_version=&#8221;4.8.1&#8243; _module_preset=&#8221;default&#8221;][et_pb_image src=&#8221;https:\/\/amg.info.pl\/wp-content\/uploads\/2026\/05\/topcon_vl_studio-225&#215;180-1.png&#8221; title_text=&#8221;topcon_vl_studio 225&#215;180&#8243; url=&#8221;\/index.php\/maszyny&#8221; align=&#8221;center&#8221; module_class=&#8221;zoom&#8221; _builder_version=&#8221;4.9.1&#8243; _module_preset=&#8221;default&#8221; max_height=&#8221;150px&#8221; hover_enabled=&#8221;0&#8243; sticky_enabled=&#8221;0&#8243;][\/et_pb_image][et_pb_text _builder_version=&#8221;4.8.1&#8243; _module_preset=&#8221;default&#8221; text_text_color=&#8221;#000000&#8243; text_font_size=&#8221;20px&#8221;]<\/p>\n<p style=\"text-align: center;\"><strong>Nawigacja precyzyjna<\/strong><\/p>\n<p>[\/et_pb_text][\/et_pb_column][et_pb_column type=&#8221;1_4&#8243; _builder_version=&#8221;4.8.1&#8243; _module_preset=&#8221;default&#8221;][et_pb_image src=&#8221;https:\/\/amg.info.pl\/wp-content\/uploads\/2024\/08\/8.png&#8221; title_text=&#8221;8&#8243; url=&#8221;\/index.php\/thaler\/&#8221; align=&#8221;center&#8221; module_class=&#8221;zoom&#8221; _builder_version=&#8221;4.9.1&#8243; _module_preset=&#8221;default&#8221; max_height=&#8221;150px&#8221;][\/et_pb_image][et_pb_text _builder_version=&#8221;4.8.1&#8243; _module_preset=&#8221;default&#8221; text_text_color=&#8221;#000000&#8243; text_font_size=&#8221;20px&#8221;]<\/p>\n<p style=\"text-align: center;\"><strong>Thaler<\/strong><\/p>\n<p>[\/et_pb_text][\/et_pb_column][\/et_pb_row][\/et_pb_section][et_pb_section fb_built=&#8221;1&#8243; _builder_version=&#8221;4.8.1&#8243; _module_preset=&#8221;default&#8221; background_color=&#8221;#f4f4f4&#8243;][et_pb_row _builder_version=&#8221;4.8.1&#8243; _module_preset=&#8221;default&#8221; background_color=&#8221;#292a2b&#8221; border_width_all=&#8221;20px&#8221; border_color_all=&#8221;#0087ca&#8221;][et_pb_column type=&#8221;4_4&#8243; _builder_version=&#8221;4.8.1&#8243; _module_preset=&#8221;default&#8221;][et_pb_image src=&#8221;https:\/\/amg.info.pl\/wp-content\/uploads\/2023\/05\/AMG-szare-czaren-tlo-kopia.jpg&#8221; title_text=&#8221;AMG szare czaren t\u0142o-kopia&#8221; align=&#8221;center&#8221; _builder_version=&#8221;4.9.1&#8243; _module_preset=&#8221;default&#8221;][\/et_pb_image][et_pb_text _builder_version=&#8221;4.8.1&#8243; _module_preset=&#8221;default&#8221; text_text_color=&#8221;#FFFFFF&#8221; text_font_size=&#8221;25px&#8221; text_line_height=&#8221;1.4em&#8221;]<\/p>\n<p style=\"text-align: center;\"><strong>Witamy na stronie AMG sp. zo.o. z Rawy Mazowieckiej<\/strong><\/p>\n<p>[\/et_pb_text][et_pb_text _builder_version=&#8221;4.9.1&#8243; _module_preset=&#8221;default&#8221; text_text_color=&#8221;#FFFFFF&#8221; text_font_size=&#8221;20px&#8221; text_line_height=&#8221;1.4em&#8221; width=&#8221;90%&#8221; module_alignment=&#8221;center&#8221;]<\/p>\n<p style=\"text-align: center;\">u Importera ci\u0105gnik\u00f3w Carraro i Landini , \u0142adowarek Thaler oraz Nawigacji Precyzyjnej Hexagon Agriculture oraz dealera marki Bobcat.<\/p>\n<p>[\/et_pb_text][\/et_pb_column][\/et_pb_row][\/et_pb_section][et_pb_section fb_built=&#8221;1&#8243; _builder_version=&#8221;4.9.1&#8243; _module_preset=&#8221;default&#8221; background_image=&#8221;https:\/\/amg.info.pl\/wp-content\/uploads\/2024\/08\/IMG_4576-scaled.jpeg&#8221; parallax=&#8221;on&#8221; parallax_method=&#8221;off&#8221; min_height=&#8221;252px&#8221;][et_pb_row _builder_version=&#8221;4.8.1&#8243; _module_preset=&#8221;default&#8221;][et_pb_column type=&#8221;4_4&#8243; _builder_version=&#8221;4.8.1&#8243; _module_preset=&#8221;default&#8221;][\/et_pb_column][\/et_pb_row][\/et_pb_section]<\/p>\n","protected":false},"excerpt":{"rendered":"<p>[et_pb_section fb_built=&#8221;1&#8243; _builder_version=&#8221;4.8.1&#8243; _module_preset=&#8221;default&#8221; custom_padding=&#8221;3px||57px|||&#8221;][et_pb_row _builder_version=&#8221;4.9.1&#8243; _module_preset=&#8221;default&#8221; width=&#8221;100%&#8221; max_width=&#8221;2560px&#8221; custom_margin=&#8221;-7px|auto||auto||&#8221;][et_pb_column type=&#8221;4_4&#8243; _builder_version=&#8221;4.8.1&#8243; _module_preset=&#8221;default&#8221;][et_pb_image src=&#8221;https:\/\/amg.info.pl\/wp-content\/uploads\/2025\/10\/Budynek-AMG-przyciety_mniejszy.png&#8221; title_text=&#8221;Budynek-AMG-przyciety_mniejszy&#8221; _builder_version=&#8221;4.9.1&#8243; _module_preset=&#8221;default&#8221; custom_margin=&#8221;-24px|||||&#8221;][\/et_pb_image][\/et_pb_column][\/et_pb_row][et_pb_row column_structure=&#8221;1_4,1_4,1_4,1_4&#8243; _builder_version=&#8221;4.8.1&#8243; _module_preset=&#8221;default&#8221; custom_margin=&#8221;-7px|auto||auto||&#8221;][et_pb_column type=&#8221;1_4&#8243; _builder_version=&#8221;4.8.1&#8243; _module_preset=&#8221;default&#8221;][et_pb_image src=&#8221;https:\/\/amg.info.pl\/wp-content\/uploads\/2024\/08\/V_VL.jpg&#8221; title_text=&#8221;V_VL&#8221; url=&#8221;\/index.php\/ciagnikitraktorysadowniczerolniczelesnegorskie\/&#8221; align=&#8221;center&#8221; module_class=&#8221;zoom&#8221; _builder_version=&#8221;4.9.1&#8243; _module_preset=&#8221;default&#8221; max_height=&#8221;150px&#8221;][\/et_pb_image][et_pb_text _builder_version=&#8221;4.8.1&#8243; _module_preset=&#8221;default&#8221; text_text_color=&#8221;#000000&#8243; text_font_size=&#8221;20px&#8221;] Ci\u0105gniki [\/et_pb_text][\/et_pb_column][et_pb_column type=&#8221;1_4&#8243; _builder_version=&#8221;4.8.1&#8243; _module_preset=&#8221;default&#8221;][et_pb_image src=&#8221;https:\/\/amg.info.pl\/wp-content\/uploads\/2024\/08\/4161-TA-ikon.jpg&#8221; title_text=&#8221;4161-TA-ikon&#8221; url=&#8221;\/index.php\/ladowarki&#8221; align=&#8221;center&#8221; module_class=&#8221;zoom&#8221; _builder_version=&#8221;4.9.1&#8243; _module_preset=&#8221;default&#8221; max_height=&#8221;150px&#8221;][\/et_pb_image][et_pb_text _builder_version=&#8221;4.8.1&#8243; _module_preset=&#8221;default&#8221; text_text_color=&#8221;#000000&#8243; text_font_size=&#8221;20px&#8221;] \u0141adowarki\/Koparki [&hellip;]<\/p>\n","protected":false},"author":1,"featured_media":0,"parent":0,"menu_order":0,"comment_status":"closed","ping_status":"closed","template":"","meta":{"_et_pb_use_builder":"on","_et_pb_old_content":"","_et_gb_content_width":""},"yoast_head":"<!-- This site is optimized with the Yoast SEO plugin v16.3 - https:\/\/yoast.com\/wordpress\/plugins\/seo\/ -->\n<title>Carraro Landini Zetor Thaler Bobcat Hexagon - AMG<\/title>\n<meta name=\"robots\" content=\"index, follow, max-snippet:-1, max-image-preview:large, max-video-preview:-1\" \/>\n<link rel=\"canonical\" href=\"https:\/\/amg.info.pl\/\" \/>\n<meta property=\"og:locale\" content=\"pl_PL\" \/>\n<meta property=\"og:type\" content=\"article\" \/>\n<meta property=\"og:title\" content=\"Carraro Landini Zetor Thaler Bobcat Hexagon - AMG\" \/>\n<meta property=\"og:description\" content=\"[et_pb_section fb_built=&#8221;1&#8243; _builder_version=&#8221;4.8.1&#8243; _module_preset=&#8221;default&#8221; custom_padding=&#8221;3px||57px|||&#8221;][et_pb_row _builder_version=&#8221;4.9.1&#8243; _module_preset=&#8221;default&#8221; width=&#8221;100%&#8221; max_width=&#8221;2560px&#8221; custom_margin=&#8221;-7px|auto||auto||&#8221;][et_pb_column type=&#8221;4_4&#8243; _builder_version=&#8221;4.8.1&#8243; _module_preset=&#8221;default&#8221;][et_pb_image src=&#8221;https:\/\/amg.info.pl\/wp-content\/uploads\/2025\/10\/Budynek-AMG-przyciety_mniejszy.png&#8221; title_text=&#8221;Budynek-AMG-przyciety_mniejszy&#8221; _builder_version=&#8221;4.9.1&#8243; _module_preset=&#8221;default&#8221; custom_margin=&#8221;-24px|||||&#8221;][\/et_pb_image][\/et_pb_column][\/et_pb_row][et_pb_row column_structure=&#8221;1_4,1_4,1_4,1_4&#8243; _builder_version=&#8221;4.8.1&#8243; _module_preset=&#8221;default&#8221; custom_margin=&#8221;-7px|auto||auto||&#8221;][et_pb_column type=&#8221;1_4&#8243; _builder_version=&#8221;4.8.1&#8243; _module_preset=&#8221;default&#8221;][et_pb_image src=&#8221;https:\/\/amg.info.pl\/wp-content\/uploads\/2024\/08\/V_VL.jpg&#8221; title_text=&#8221;V_VL&#8221; url=&#8221;\/index.php\/ciagnikitraktorysadowniczerolniczelesnegorskie\/&#8221; align=&#8221;center&#8221; module_class=&#8221;zoom&#8221; _builder_version=&#8221;4.9.1&#8243; _module_preset=&#8221;default&#8221; max_height=&#8221;150px&#8221;][\/et_pb_image][et_pb_text _builder_version=&#8221;4.8.1&#8243; _module_preset=&#8221;default&#8221; text_text_color=&#8221;#000000&#8243; text_font_size=&#8221;20px&#8221;] Ci\u0105gniki [\/et_pb_text][\/et_pb_column][et_pb_column type=&#8221;1_4&#8243; _builder_version=&#8221;4.8.1&#8243; _module_preset=&#8221;default&#8221;][et_pb_image src=&#8221;https:\/\/amg.info.pl\/wp-content\/uploads\/2024\/08\/4161-TA-ikon.jpg&#8221; title_text=&#8221;4161-TA-ikon&#8221; url=&#8221;\/index.php\/ladowarki&#8221; align=&#8221;center&#8221; module_class=&#8221;zoom&#8221; _builder_version=&#8221;4.9.1&#8243; _module_preset=&#8221;default&#8221; max_height=&#8221;150px&#8221;][\/et_pb_image][et_pb_text _builder_version=&#8221;4.8.1&#8243; _module_preset=&#8221;default&#8221; text_text_color=&#8221;#000000&#8243; text_font_size=&#8221;20px&#8221;] \u0141adowarki\/Koparki [&hellip;]\" \/>\n<meta property=\"og:url\" content=\"https:\/\/amg.info.pl\/\" \/>\n<meta property=\"og:site_name\" content=\"AMG\" \/>\n<meta property=\"article:modified_time\" content=\"2026-05-06T13:22:38+00:00\" \/>\n<meta name=\"twitter:card\" content=\"summary_large_image\" \/>\n<meta name=\"twitter:label1\" content=\"Szacowany czas czytania\">\n\t<meta name=\"twitter:data1\" content=\"3 minuty\">\n<script type=\"application\/ld+json\" class=\"yoast-schema-graph\">{\"@context\":\"https:\/\/schema.org\",\"@graph\":[{\"@type\":\"WebSite\",\"@id\":\"https:\/\/amg.info.pl\/#website\",\"url\":\"https:\/\/amg.info.pl\/\",\"name\":\"AMG\",\"description\":\"Ci\\u0105gniki sadownicze Antonio Carraro, ci\\u0105gniki rolnicze Zetor, \\u0142adowarki Thaler, koparki Bobcat, Nawigacja Hexagon\",\"potentialAction\":[{\"@type\":\"SearchAction\",\"target\":\"https:\/\/amg.info.pl\/?s={search_term_string}\",\"query-input\":\"required name=search_term_string\"}],\"inLanguage\":\"pl-PL\"},{\"@type\":\"WebPage\",\"@id\":\"https:\/\/amg.info.pl\/#webpage\",\"url\":\"https:\/\/amg.info.pl\/\",\"name\":\"Carraro Landini Zetor Thaler Bobcat Hexagon - AMG\",\"isPartOf\":{\"@id\":\"https:\/\/amg.info.pl\/#website\"},\"datePublished\":\"2021-01-27T11:37:30+00:00\",\"dateModified\":\"2026-05-06T13:22:38+00:00\",\"breadcrumb\":{\"@id\":\"https:\/\/amg.info.pl\/#breadcrumb\"},\"inLanguage\":\"pl-PL\",\"potentialAction\":[{\"@type\":\"ReadAction\",\"target\":[\"https:\/\/amg.info.pl\/\"]}]},{\"@type\":\"BreadcrumbList\",\"@id\":\"https:\/\/amg.info.pl\/#breadcrumb\",\"itemListElement\":[{\"@type\":\"ListItem\",\"position\":1,\"item\":{\"@type\":\"WebPage\",\"@id\":\"https:\/\/amg.info.pl\/\",\"url\":\"https:\/\/amg.info.pl\/\",\"name\":\"Strona g\\u0142\\u00f3wna\"}},{\"@type\":\"ListItem\",\"position\":2,\"item\":{\"@id\":\"https:\/\/amg.info.pl\/#webpage\"}}]}]}<\/script>\n<!-- \/ Yoast SEO plugin. -->","_links":{"self":[{"href":"https:\/\/amg.info.pl\/index.php\/wp-json\/wp\/v2\/pages\/5"}],"collection":[{"href":"https:\/\/amg.info.pl\/index.php\/wp-json\/wp\/v2\/pages"}],"about":[{"href":"https:\/\/amg.info.pl\/index.php\/wp-json\/wp\/v2\/types\/page"}],"author":[{"embeddable":true,"href":"https:\/\/amg.info.pl\/index.php\/wp-json\/wp\/v2\/users\/1"}],"replies":[{"embeddable":true,"href":"https:\/\/amg.info.pl\/index.php\/wp-json\/wp\/v2\/comments?post=5"}],"version-history":[{"count":132,"href":"https:\/\/amg.info.pl\/index.php\/wp-json\/wp\/v2\/pages\/5\/revisions"}],"predecessor-version":[{"id":3895,"href":"https:\/\/amg.info.pl\/index.php\/wp-json\/wp\/v2\/pages\/5\/revisions\/3895"}],"wp:attachment":[{"href":"https:\/\/amg.info.pl\/index.php\/wp-json\/wp\/v2\/media?parent=5"}],"curies":[{"name":"wp","href":"https:\/\/api.w.org\/{rel}","templated":true}]}}