{"id":3451,"date":"2025-10-18T19:48:30","date_gmt":"2025-10-18T17:48:30","guid":{"rendered":"https:\/\/amg.info.pl\/?page_id=3451"},"modified":"2025-10-27T11:12:36","modified_gmt":"2025-10-27T10:12:36","slug":"tigre","status":"publish","type":"page","link":"https:\/\/amg.info.pl\/index.php\/tigre\/","title":{"rendered":"Tigre"},"content":{"rendered":"<p>[et_pb_section fb_built=&#8221;1&#8243; _builder_version=&#8221;4.8.1&#8243; _module_preset=&#8221;default&#8221; custom_padding=&#8221;0px||0px|||&#8221;][et_pb_row _builder_version=&#8221;4.8.1&#8243; _module_preset=&#8221;default&#8221; width=&#8221;100%&#8221; max_width=&#8221;2560px&#8221; custom_padding=&#8221;0px||5px|||&#8221;][et_pb_column type=&#8221;4_4&#8243; _builder_version=&#8221;4.8.1&#8243; _module_preset=&#8221;default&#8221;][et_pb_image src=&#8221;https:\/\/amg.info.pl\/wp-content\/uploads\/2025\/10\/3200-i-3800.jpg&#8221; title_text=&#8221;3200 i 3800&#8243; _builder_version=&#8221;4.9.1&#8243; _module_preset=&#8221;default&#8221; custom_margin=&#8221;-4px||-2px|||&#8221; hover_enabled=&#8221;0&#8243; align=&#8221;center&#8221; sticky_enabled=&#8221;0&#8243;][\/et_pb_image][et_pb_image src=&#8221;https:\/\/amg.info.pl\/wp-content\/uploads\/2025\/10\/4800-F-1.jpg&#8221; title_text=&#8221;4800 F&#8221; _builder_version=&#8221;4.9.1&#8243; _module_preset=&#8221;default&#8221; custom_margin=&#8221;-4px||-2px|||&#8221; hover_enabled=&#8221;0&#8243; module_alignment=&#8221;center&#8221; align=&#8221;center&#8221; sticky_enabled=&#8221;0&#8243;][\/et_pb_image][\/et_pb_column][\/et_pb_row][\/et_pb_section][et_pb_section fb_built=&#8221;1&#8243; _builder_version=&#8221;4.8.1&#8243; _module_preset=&#8221;default&#8221; custom_padding=&#8221;5px|||||&#8221;][et_pb_row _builder_version=&#8221;4.8.1&#8243; _module_preset=&#8221;default&#8221; min_height=&#8221;85.2px&#8221;][et_pb_column type=&#8221;4_4&#8243; _builder_version=&#8221;4.8.1&#8243; _module_preset=&#8221;default&#8221;][et_pb_text _builder_version=&#8221;4.9.1&#8243; _module_preset=&#8221;default&#8221; text_text_color=&#8221;#000000&#8243; text_font_size=&#8221;48px&#8221; text_line_height=&#8221;1.4em&#8221;]<\/p>\n<h1>Tigre 3200 &#8211; Isodiametryczny ciagnik z przedni\u0105 osi\u0105 skr\u0119tn\u0105<\/h1>\n<h1>Tigre 3800 &#8211; Isodiametryczny ciagnik z przedni\u0105 osi\u0105 skr\u0119tn\u0105<\/h1>\n<h1>Tigre 3800 F &#8211; Ci\u0105gnik z wi\u0119kszymi ko\u0142ami z ty\u0142u i przedni\u0105 osi\u0105 skr\u0119tn\u0105<\/h1>\n<h1>Tigre 4800 F &#8211; Ci\u0105gnik z wi\u0119kszymi ko\u0142ami z ty\u0142u i przedni\u0105 osi\u0105 skr\u0119tn\u0105<\/h1>\n<p>[\/et_pb_text][et_pb_text _builder_version=&#8221;4.9.1&#8243; _module_preset=&#8221;default&#8221; text_font_size=&#8221;17px&#8221;]<\/p>\n<h1><strong>\u00a0TIGRE 3200<\/strong><\/h1>\n<p>&nbsp;<\/p>\n<div style=\"text-align: justify;\">\n<p><strong><span style=\"font-size: 18px;\"><span style=\"color: #ff0000;\"><strong>NIE NAZYWAJ GO MINI CI\u0104GNIKIEM<\/strong><\/span><\/span><\/strong><\/p>\n<p><strong><span style=\"color: black;\">Tigre 3200, najbardziej kompaktowy model w gamie Antonio Carraro, zajmuje wa\u017cne miejsce w historii marki. Jest najnowszym przedstawicielem d\u0142ugiej serii kompaktowych traktor\u00f3w, kt\u00f3re od dziesi\u0119cioleci ciesz\u0105 si\u0119 uznaniem profesjonalnych rolnik\u00f3w i entuzjast\u00f3w.<\/span><\/strong><\/p>\n<p><strong><span style=\"color: black;\">Izodiametryczny, wszechstronny ci\u0105gnik, pierwotnie zaprojektowany i stale udoskonalany, aby sprosta\u0107 r\u00f3\u017cnorodnym wymaganiom. Idealnie nadaje si\u0119 do u\u017cytku w parkach, ogrodach, na boiskach sportowych, w miejscach publicznych i na ma\u0142ych gospodarstwach rolnych.<br \/>Nap\u0119dzany 3-cylindrowym japo\u0144skim silnikiem Yanmar o mocy 26 KM, \u0142\u0105czy prostot\u0119 z wydajno\u015bci\u0105 i oszcz\u0119dno\u015bci\u0105.<\/span><\/strong><\/p>\n<p><strong><span style=\"color: black;\">Tigre wyr\u00f3\u017cnia si\u0119 niezawodno\u015bci\u0105, komfortem i bezpiecze\u0144stwem, kt\u00f3re s\u0105 podstawowymi kryteriami zar\u00f3wno dla profesjonalist\u00f3w, jak i entuzjast\u00f3w. Wyj\u0105tkowa wszechstronno\u015b\u0107 tego ci\u0105gnika umo\u017cliwia prac\u0119 w najszerszym zakresie warunk\u00f3w, przez 365 dni w roku.<\/span><\/strong><\/p>\n<p><strong><span style=\"color: black;\">Wybierz Tigre i zyskaj przyjaciela na ca\u0142e \u017cycie.<\/span><\/strong><\/p>\n<\/div>\n<p>[\/et_pb_text][et_pb_text _builder_version=&#8221;4.9.1&#8243; _module_preset=&#8221;default&#8221;]<\/p>\n<p style=\"text-align: center;\"><a href=\"https:\/\/amg.info.pl\/wp-content\/uploads\/2025\/10\/Tigre3200ENG.en_.pl_.pdf\" target=\"_blank\" rel=\"noopener\"><img src=\"https:\/\/amg.info.pl\/wp-content\/uploads\/2021\/02\/scarica-brochure.png\" \/><\/a><br \/>\n<a href=\"https:\/\/amg.info.pl\/wp-content\/uploads\/2025\/10\/Tigre3200ENG.en_.pl_.pdf\" target=\"_blank\" rel=\"noopener\">Pobierz broszur\u0119 Tigre 3200<\/a><\/p>\n<p>[\/et_pb_text][\/et_pb_column][\/et_pb_row][et_pb_row _builder_version=&#8221;4.9.1&#8243; _module_preset=&#8221;default&#8221;][et_pb_column type=&#8221;4_4&#8243; _builder_version=&#8221;4.9.1&#8243; _module_preset=&#8221;default&#8221;][et_pb_divider _builder_version=&#8221;4.9.1&#8243; _module_preset=&#8221;default&#8221;][\/et_pb_divider][\/et_pb_column][\/et_pb_row][et_pb_row _builder_version=&#8221;4.8.1&#8243; _module_preset=&#8221;default&#8221; min_height=&#8221;85.2px&#8221;][et_pb_column type=&#8221;4_4&#8243; _builder_version=&#8221;4.8.1&#8243; _module_preset=&#8221;default&#8221;][et_pb_text _builder_version=&#8221;4.9.1&#8243; _module_preset=&#8221;default&#8221; text_font_size=&#8221;17px&#8221;]<\/p>\n<h1><strong>\u00a0TIGRE 3800<\/strong><\/h1>\n<p>&nbsp;<\/p>\n<div style=\"text-align: justify;\">\n<p><strong><span style=\"font-size: 18px;\"><span style=\"color: #ff0000;\"><strong>MA\u0141Y DU\u017bY TRAKTOR<\/strong><\/span><\/span><\/strong><\/p>\n<p><strong><span style=\"color: black;\">Rodzina powi\u0119ksza si\u0119 o nowy model, Tigre 3800, b\u0119d\u0105cy ewolucj\u0105 starszego brata, Tigre 4000. Ten sam komfort obs\u0142ugi, te same parametry i moment obrotowy, z silnikiem o mocy 25,7 KM. Wszystko zgodne z normami emisji spalin Stage V.<\/span><\/strong><\/p>\n<p><strong><span style=\"color: black;\">Niewielkich rozmiar\u00f3w Tigre 3800 to kompaktowy ci\u0105gnik (silnik Yanmar o mocy 25,7 KM \/ STAGE V) z ko\u0142ami izodiametrycznymi. Jego funkcje i technologie zaczerpni\u0119to z topowych ci\u0105gnik\u00f3w Antonio Carraro.<\/span><\/strong><\/p>\n<p><strong><span style=\"color: black;\">Wszechstronne urz\u0105dzenie dla drobnych rolnik\u00f3w, hodowc\u00f3w kwiat\u00f3w, os\u00f3b zajmuj\u0105cych si\u0119 piel\u0119gnacj\u0105 teren\u00f3w zielonych i profesjonalnych ogrodnik\u00f3w. Zaprojektowane do stosowania w ma\u0142ych gospodarstwach rolnych, na grz\u0105dkach warzywnych, w szklarniach, a tak\u017ce w parkach, ogrodach, obiektach sportowych i przestrzeniach publicznych.<\/span><\/strong><\/p>\n<p><strong><span style=\"color: black;\">Cztery ko\u0142a nap\u0119dowe i rama ACTIO\u2122 zapewniaj\u0105 komfort i bezpiecze\u0144stwo, a tak\u017ce umo\u017cliwiaj\u0105 prac\u0119 ci\u0105gnika w ekstremalnie trudnym terenie (prze\u015bwit 275 mm), zapewniaj\u0105c sta\u0142\u0105 przyczepno\u015b\u0107 i trakcj\u0119. Zwrotno\u015b\u0107 tego kompaktowego ci\u0105gnika u\u017cytkowego zwi\u0119ksza promie\u0144 skr\u0119tu wynosz\u0105cy zaledwie 2870 mm, jeden z najmniejszych w swojej klasie.<br \/>\nMaska otwiera si\u0119 pionowo, zapewniaj\u0105c szybki i \u0142atwy dost\u0119p do silnika. Przedni b\u0142otnik, kt\u00f3ry pe\u0142ni r\u00f3wnie\u017c funkcj\u0119 balastu i os\u0142ony miski olejowej, wyposa\u017cony jest w zintegrowany hak holowniczy.<br \/>\nWOM jest zsynchronizowany ze wszystkimi biegami skrzyni bieg\u00f3w; podno\u015bnik posiada 3-punktowy uk\u0142ad zawieszenia z regulowanymi dr\u0105\u017ckami i ud\u017awigiem 850 kg.<\/span><\/strong><\/p>\n<p><strong><span style=\"color: black;\">Pomimo kompaktowych rozmiar\u00f3w, Tigre 3800 oferuje przestronn\u0105, ergonomiczn\u0105 i wygodn\u0105 pozycj\u0119 za kierownic\u0105.<\/span><\/strong><\/p>\n<p><strong><span style=\"color: black;\">Rodzina Tigre zosta\u0142a opracowana z my\u015bl\u0105 o dor\u00f3wnaniu pod wzgl\u0119dem jako\u015bci i standard\u00f3w konstrukcyjnych traktorom AC z najwy\u017cszej p\u00f3\u0142ki, cho\u0107 w mniejszej skali. Tigre 3800 i Tigre 3800F to kompaktowe traktory zaprojektowane z my\u015bl\u0105 o p\u00f3\u0142profesjonalnych potrzebach rolnik\u00f3w, operator\u00f3w szklarni, szk\u00f3\u0142karzy, operator\u00f3w zajmuj\u0105cych si\u0119 piel\u0119gnacj\u0105 teren\u00f3w zielonych oraz zaawansowanych rolnik\u00f3w-amator\u00f3w.<\/span><\/strong><\/p>\n<\/div>\n<p>[\/et_pb_text][et_pb_text _builder_version=&#8221;4.9.1&#8243; _module_preset=&#8221;default&#8221;]<\/p>\n<p style=\"text-align: center;\"><a href=\"https:\/\/amg.info.pl\/wp-content\/uploads\/2025\/10\/Tigre-38003800F2021enweb-1.en_.pl_.pdf\" target=\"_blank\" rel=\"noopener\"><img src=\"https:\/\/amg.info.pl\/wp-content\/uploads\/2021\/02\/scarica-brochure.png\" \/><\/a><br \/>\n<a href=\"https:\/\/amg.info.pl\/wp-content\/uploads\/2025\/10\/Tigre-38003800F2021enweb-1.en_.pl_.pdf\" target=\"_blank\" rel=\"noopener\">Pobierz broszur\u0119 Tigre 3800<\/a><\/p>\n<p>[\/et_pb_text][\/et_pb_column][\/et_pb_row][et_pb_row _builder_version=&#8221;4.9.1&#8243; _module_preset=&#8221;default&#8221;][et_pb_column type=&#8221;4_4&#8243; _builder_version=&#8221;4.9.1&#8243; _module_preset=&#8221;default&#8221;][et_pb_divider _builder_version=&#8221;4.9.1&#8243; _module_preset=&#8221;default&#8221;][\/et_pb_divider][\/et_pb_column][\/et_pb_row][et_pb_row _builder_version=&#8221;4.8.1&#8243; _module_preset=&#8221;default&#8221; min_height=&#8221;85.2px&#8221;][et_pb_column type=&#8221;4_4&#8243; _builder_version=&#8221;4.8.1&#8243; _module_preset=&#8221;default&#8221;][et_pb_text _builder_version=&#8221;4.9.1&#8243; _module_preset=&#8221;default&#8221; text_font_size=&#8221;17px&#8221;]<\/p>\n<h1><strong>\u00a0TIGRE 3800 F &#8211; Kompaktowy, profesjonalny ci\u0105gnik u\u017cytkowy<\/strong><\/h1>\n<p>&nbsp;<\/p>\n<div style=\"text-align: justify;\">\n<p><strong><span style=\"font-size: 18px;\"><span style=\"color: #ff0000;\"><strong>Kompaktowy Profesjonalista<\/strong><\/span><\/span><\/strong><\/p>\n<p><strong><span style=\"color: black;\">Superkompaktowy ci\u0105gnik u\u017cytkowy z ko\u0142ami o r\u00f3\u017cnych rozmiarach i silnikiem Yanmar o mocy 25,7 KM \/ Stage 5, przeznaczony do specjalistycznych prac rolniczych, piel\u0119gnacji teren\u00f3w zielonych, budownictwa i rob\u00f3t ziemnych.<br \/>\nTo flagowy model serii ci\u0105gnik\u00f3w Tigre, zaprojektowanych dla profesjonalist\u00f3w, kt\u00f3rzy oczekuj\u0105 najwy\u017cszej wydajno\u015bci od kompaktowej maszyny.<\/span><\/strong><\/p>\n<p><strong><span style=\"color: black;\">Model Tigre 3800 F jest wyposa\u017cony w WOM zsynchronizowany ze wszystkimi pr\u0119dko\u015bciami skrzyni bieg\u00f3w. Uk\u0142ad hydrauliczny obejmuje standardowy podno\u015bnik lub podno\u015bnik z regulacj\u0105 si\u0142y uci\u0105gu i po\u0142o\u017cenia, ze z\u0142\u0105czami jedno- i dwustronnego dzia\u0142ania (pozycja p\u0142ywaj\u0105ca). Wyposa\u017cenie opcjonalne obejmuje do 6 szybkoz\u0142\u0105czy. Podno\u015bnik posiada 3-punktowy uk\u0142ad zawieszenia z regulowanymi dr\u0105\u017ckami podnosz\u0105cymi i ud\u017awigiem 1000 kg.<br \/>\nPozycja za kierownic\u0105 to jedna z kluczowych cech tego modelu, oferuj\u0105ca operatorom (niezale\u017cnie od ich postury) wyj\u0105tkowo komfortowe warunki pracy, z du\u017c\u0105 ilo\u015bci\u0105 miejsca i komfortu. Platforma jest zawieszona na amortyzatorach drga\u0144 dla dodatkowego komfortu.<\/span><\/strong><\/p>\n<p><strong><span style=\"color: black;\">Rodzina Tigre zosta\u0142a opracowana z my\u015bl\u0105 o dor\u00f3wnaniu pod wzgl\u0119dem jako\u015bci i standard\u00f3w konstrukcyjnych ci\u0105gnikom AC z najwy\u017cszej p\u00f3\u0142ki, cho\u0107 w mniejszej skali. Tigre 3800 i Tigre 3800\/4800 F to kompaktowe ci\u0105gniki zaprojektowane z my\u015bl\u0105 o p\u00f3\u0142profesjonalnych potrzebach rolnik\u00f3w, operator\u00f3w szklarni, szk\u00f3\u0142karzy, operator\u00f3w zajmuj\u0105cych si\u0119 piel\u0119gnacj\u0105 teren\u00f3w zielonych oraz zaawansowanych rolnik\u00f3w-amator\u00f3w.<\/span><\/strong><\/p>\n<\/div>\n<p>[\/et_pb_text][et_pb_text _builder_version=&#8221;4.9.1&#8243; _module_preset=&#8221;default&#8221;]<\/p>\n<p style=\"text-align: center;\"><a href=\"https:\/\/amg.info.pl\/wp-content\/uploads\/2025\/10\/Tigre-38003800F2021enweb-1.en_.pl_.pdf\" target=\"_blank\" rel=\"noopener\"><img src=\"https:\/\/amg.info.pl\/wp-content\/uploads\/2021\/02\/scarica-brochure.png\" \/><\/a><br \/>\n<a href=\"https:\/\/amg.info.pl\/wp-content\/uploads\/2025\/10\/Tigre-38003800F2021enweb-1.en_.pl_.pdf\" target=\"_blank\" rel=\"noopener\">Pobierz broszur\u0119 Tigre 3800 F<\/a><\/p>\n<p>[\/et_pb_text][\/et_pb_column][\/et_pb_row][et_pb_row _builder_version=&#8221;4.9.1&#8243; _module_preset=&#8221;default&#8221;][et_pb_column type=&#8221;4_4&#8243; _builder_version=&#8221;4.9.1&#8243; _module_preset=&#8221;default&#8221;][et_pb_divider _builder_version=&#8221;4.9.1&#8243; _module_preset=&#8221;default&#8221;][\/et_pb_divider][\/et_pb_column][\/et_pb_row][et_pb_row _builder_version=&#8221;4.8.1&#8243; _module_preset=&#8221;default&#8221; min_height=&#8221;85.2px&#8221;][et_pb_column type=&#8221;4_4&#8243; _builder_version=&#8221;4.8.1&#8243; _module_preset=&#8221;default&#8221;][et_pb_text _builder_version=&#8221;4.9.1&#8243; _module_preset=&#8221;default&#8221; text_font_size=&#8221;17px&#8221;]<\/p>\n<h1><strong>\u00a0TIGRE 4800 F<\/strong><\/h1>\n<p>&nbsp;<\/p>\n<div style=\"text-align: justify;\">\n<p><strong><span style=\"color: black;\">Ci\u0105gnik TIGRE 4800 F z ko\u0142ami o r\u00f3\u017cnych rozmiarach, przeznaczony do specjalistycznych zastosowa\u0144 rolniczych, piel\u0119gnacji teren\u00f3w zielonych, budownictwa i rob\u00f3t ziemnych. Nowa stylistyka, nawi\u0105zuj\u0105ca do rodzinnego charakteru ci\u0105gnik\u00f3w AC z wy\u017cszej p\u00f3\u0142ki, nie tylko cieszy oko, ale tak\u017ce optymalizuje wydajno\u015b\u0107 pracy. Dynamiczny, op\u0142ywowy profil maski w po\u0142\u0105czeniu ze stylowym wzornictwem b\u0142otnik\u00f3w, wraz ze zintegrowanymi \u015bwiat\u0142ami i przed\u0142u\u017ckami, zapewnia doskona\u0142\u0105 widoczno\u015b\u0107 we wszystkich kierunkach.<\/span><\/strong><\/p>\n<\/div>\n<p>[\/et_pb_text][et_pb_text _builder_version=&#8221;4.9.1&#8243; _module_preset=&#8221;default&#8221;]<\/p>\n<p style=\"text-align: center;\"><a href=\"https:\/\/amg.info.pl\/wp-content\/uploads\/2025\/10\/Tigre-4800-F062022EN-1.en_.pl_.pdf\" target=\"_blank\" rel=\"noopener\"><img src=\"https:\/\/amg.info.pl\/wp-content\/uploads\/2021\/02\/scarica-brochure.png\" \/><\/a><br \/>\n<a href=\"https:\/\/amg.info.pl\/wp-content\/uploads\/2025\/10\/Tigre-4800-F062022EN-1.en_.pl_.pdf\" target=\"_blank\" rel=\"noopener\">Pobierz broszur\u0119 Tigre 4800 F<\/a><\/p>\n<p>[\/et_pb_text][\/et_pb_column][\/et_pb_row][et_pb_row _builder_version=&#8221;4.9.1&#8243; _module_preset=&#8221;default&#8221;][et_pb_column type=&#8221;4_4&#8243; _builder_version=&#8221;4.9.1&#8243; _module_preset=&#8221;default&#8221;][et_pb_divider _builder_version=&#8221;4.9.1&#8243; _module_preset=&#8221;default&#8221;][\/et_pb_divider][\/et_pb_column][\/et_pb_row][et_pb_row _builder_version=&#8221;4.8.1&#8243; _module_preset=&#8221;default&#8221; min_height=&#8221;85.2px&#8221;][et_pb_column type=&#8221;4_4&#8243; _builder_version=&#8221;4.8.1&#8243; _module_preset=&#8221;default&#8221;][et_pb_text _builder_version=&#8221;4.9.1&#8243; _module_preset=&#8221;default&#8221; text_font_size=&#8221;17px&#8221;]<\/p>\n<table style=\"border-collapse: collapse; width: 100%; height: 168px;\" border=\"1\">\n<tbody>\n<tr style=\"height: 24px;\">\n<td style=\"width: 20%; height: 24px;\">MODEL :<\/td>\n<td style=\"width: 20%; height: 24px;\">3200<\/td>\n<td style=\"width: 20%; height: 24px;\">3800<\/td>\n<td style=\"width: 20%; height: 24px;\">3800 F<\/td>\n<td style=\"width: 20%; height: 24px;\">4800 F<\/td>\n<\/tr>\n<tr style=\"height: 24px;\">\n<td style=\"width: 20%; height: 24px;\">MOC \/ MOMENT obrotowy :<\/td>\n<td style=\"width: 20%; height: 24px;\">25,7 KM \/ 66 NM<\/td>\n<td style=\"width: 20%; height: 24px;\">25,7 KM \/ 86,8 NM<\/td>\n<td style=\"width: 20%; height: 24px;\">25,7 KM \/ 86,8 NM<\/td>\n<td style=\"width: 20%; height: 24px;\">38,7 KM \/ 126 NM<\/td>\n<\/tr>\n<tr style=\"height: 24px;\">\n<td style=\"width: 20%; height: 24px;\">SILNIK :<\/td>\n<td style=\"width: 20%; height: 24px;\">\n<p>YANMAR 3 cyl.\u00a0 1115 cm3<\/p>\n<\/td>\n<td style=\"width: 20%; height: 24px;\">YANMAR 3 cyl.\u00a0 1331 cm3<\/td>\n<td style=\"width: 20%; height: 24px;\">YANMAR 3 cyl.\u00a0 1331 cm3<\/td>\n<td style=\"width: 20%; height: 24px;\">YANMAR 3 cyl.\u00a0 1568 cm3<\/td>\n<\/tr>\n<tr style=\"height: 24px;\">\n<td style=\"width: 20%; height: 24px;\">SKRZYNIA BIEG\u00d3W :<\/td>\n<td style=\"width: 20%; height: 24px;\">8+4<\/td>\n<td style=\"width: 20%; height: 24px;\">8+4<\/td>\n<td style=\"width: 20%; height: 24px;\">8+4<\/td>\n<td style=\"width: 20%; height: 24px;\">8+4<\/td>\n<\/tr>\n<tr style=\"height: 24px;\">\n<td style=\"width: 20%; height: 24px;\">WYDATEK POMPY hydr. :<\/td>\n<td style=\"width: 20%; height: 24px;\">19,8 L\/min<\/td>\n<td style=\"width: 20%; height: 24px;\">29,2 L\/min<\/td>\n<td style=\"width: 20%; height: 24px;\">29,2 L\/min<\/td>\n<td style=\"width: 20%; height: 24px;\">32,9 L\/min<\/td>\n<\/tr>\n<tr style=\"height: 24px;\">\n<td style=\"width: 20%; height: 24px;\">WAGA :<\/td>\n<td style=\"width: 20%; height: 24px;\">1000 kg<\/td>\n<td style=\"width: 20%; height: 24px;\">1050 kg<\/td>\n<td style=\"width: 20%; height: 24px;\">1250 kg<\/td>\n<td style=\"width: 20%; height: 24px;\">1250 kg<\/td>\n<\/tr>\n<tr style=\"height: 24px;\">\n<td style=\"width: 20%; height: 24px;\">UD\u0179WIG :<\/td>\n<td style=\"width: 20%; height: 24px;\">950 kg<\/td>\n<td style=\"width: 20%; height: 24px;\">850 kg<\/td>\n<td style=\"width: 20%; height: 24px;\">1000 kg<\/td>\n<td style=\"width: 20%; height: 24px;\">1000 kg<\/td>\n<\/tr>\n<\/tbody>\n<\/table>\n<p>[\/et_pb_text][\/et_pb_column][\/et_pb_row][\/et_pb_section]<\/p>\n","protected":false},"excerpt":{"rendered":"<p>[et_pb_section fb_built=&#8221;1&#8243; _builder_version=&#8221;4.8.1&#8243; _module_preset=&#8221;default&#8221; custom_padding=&#8221;0px||0px|||&#8221;][et_pb_row _builder_version=&#8221;4.8.1&#8243; _module_preset=&#8221;default&#8221; width=&#8221;100%&#8221; max_width=&#8221;2560px&#8221; custom_padding=&#8221;0px||5px|||&#8221;][et_pb_column type=&#8221;4_4&#8243; _builder_version=&#8221;4.8.1&#8243; _module_preset=&#8221;default&#8221;][et_pb_image src=&#8221;https:\/\/amg.info.pl\/wp-content\/uploads\/2025\/10\/3200-i-3800.jpg&#8221; title_text=&#8221;3200 i 3800&#8243; _builder_version=&#8221;4.9.1&#8243; _module_preset=&#8221;default&#8221; custom_margin=&#8221;-4px||-2px|||&#8221; hover_enabled=&#8221;0&#8243; align=&#8221;center&#8221; sticky_enabled=&#8221;0&#8243;][\/et_pb_image][et_pb_image src=&#8221;https:\/\/amg.info.pl\/wp-content\/uploads\/2025\/10\/4800-F-1.jpg&#8221; title_text=&#8221;4800 F&#8221; _builder_version=&#8221;4.9.1&#8243; _module_preset=&#8221;default&#8221; custom_margin=&#8221;-4px||-2px|||&#8221; hover_enabled=&#8221;0&#8243; module_alignment=&#8221;center&#8221; align=&#8221;center&#8221; sticky_enabled=&#8221;0&#8243;][\/et_pb_image][\/et_pb_column][\/et_pb_row][\/et_pb_section][et_pb_section fb_built=&#8221;1&#8243; _builder_version=&#8221;4.8.1&#8243; _module_preset=&#8221;default&#8221; custom_padding=&#8221;5px|||||&#8221;][et_pb_row _builder_version=&#8221;4.8.1&#8243; _module_preset=&#8221;default&#8221; min_height=&#8221;85.2px&#8221;][et_pb_column type=&#8221;4_4&#8243; _builder_version=&#8221;4.8.1&#8243; _module_preset=&#8221;default&#8221;][et_pb_text _builder_version=&#8221;4.9.1&#8243; _module_preset=&#8221;default&#8221; text_text_color=&#8221;#000000&#8243; text_font_size=&#8221;48px&#8221; text_line_height=&#8221;1.4em&#8221;] Tigre 3200 &#8211; Isodiametryczny ciagnik z przedni\u0105 [&hellip;]<\/p>\n","protected":false},"author":1,"featured_media":0,"parent":0,"menu_order":0,"comment_status":"closed","ping_status":"closed","template":"","meta":{"_et_pb_use_builder":"on","_et_pb_old_content":"","_et_gb_content_width":""},"yoast_head":"<!-- This site is optimized with the Yoast SEO plugin v16.3 - https:\/\/yoast.com\/wordpress\/plugins\/seo\/ -->\n<title>Tigre - AMG<\/title>\n<meta name=\"robots\" content=\"index, follow, max-snippet:-1, max-image-preview:large, max-video-preview:-1\" \/>\n<link rel=\"canonical\" href=\"https:\/\/amg.info.pl\/index.php\/tigre\/\" \/>\n<meta property=\"og:locale\" content=\"pl_PL\" \/>\n<meta property=\"og:type\" content=\"article\" \/>\n<meta property=\"og:title\" content=\"Tigre - AMG\" \/>\n<meta property=\"og:description\" content=\"[et_pb_section fb_built=&#8221;1&#8243; _builder_version=&#8221;4.8.1&#8243; _module_preset=&#8221;default&#8221; custom_padding=&#8221;0px||0px|||&#8221;][et_pb_row _builder_version=&#8221;4.8.1&#8243; _module_preset=&#8221;default&#8221; width=&#8221;100%&#8221; max_width=&#8221;2560px&#8221; custom_padding=&#8221;0px||5px|||&#8221;][et_pb_column type=&#8221;4_4&#8243; _builder_version=&#8221;4.8.1&#8243; _module_preset=&#8221;default&#8221;][et_pb_image src=&#8221;https:\/\/amg.info.pl\/wp-content\/uploads\/2025\/10\/3200-i-3800.jpg&#8221; title_text=&#8221;3200 i 3800&#8243; _builder_version=&#8221;4.9.1&#8243; _module_preset=&#8221;default&#8221; custom_margin=&#8221;-4px||-2px|||&#8221; hover_enabled=&#8221;0&#8243; align=&#8221;center&#8221; sticky_enabled=&#8221;0&#8243;][\/et_pb_image][et_pb_image src=&#8221;https:\/\/amg.info.pl\/wp-content\/uploads\/2025\/10\/4800-F-1.jpg&#8221; title_text=&#8221;4800 F&#8221; _builder_version=&#8221;4.9.1&#8243; _module_preset=&#8221;default&#8221; custom_margin=&#8221;-4px||-2px|||&#8221; hover_enabled=&#8221;0&#8243; module_alignment=&#8221;center&#8221; align=&#8221;center&#8221; sticky_enabled=&#8221;0&#8243;][\/et_pb_image][\/et_pb_column][\/et_pb_row][\/et_pb_section][et_pb_section fb_built=&#8221;1&#8243; _builder_version=&#8221;4.8.1&#8243; _module_preset=&#8221;default&#8221; custom_padding=&#8221;5px|||||&#8221;][et_pb_row _builder_version=&#8221;4.8.1&#8243; _module_preset=&#8221;default&#8221; min_height=&#8221;85.2px&#8221;][et_pb_column type=&#8221;4_4&#8243; _builder_version=&#8221;4.8.1&#8243; _module_preset=&#8221;default&#8221;][et_pb_text _builder_version=&#8221;4.9.1&#8243; _module_preset=&#8221;default&#8221; text_text_color=&#8221;#000000&#8243; text_font_size=&#8221;48px&#8221; text_line_height=&#8221;1.4em&#8221;] Tigre 3200 &#8211; Isodiametryczny ciagnik z przedni\u0105 [&hellip;]\" \/>\n<meta property=\"og:url\" content=\"https:\/\/amg.info.pl\/index.php\/tigre\/\" \/>\n<meta property=\"og:site_name\" content=\"AMG\" \/>\n<meta property=\"article:modified_time\" content=\"2025-10-27T10:12:36+00:00\" \/>\n<meta property=\"og:image\" content=\"https:\/\/amg.info.pl\/wp-content\/uploads\/2021\/02\/scarica-brochure.png\" \/>\n<meta name=\"twitter:card\" content=\"summary_large_image\" \/>\n<meta name=\"twitter:label1\" content=\"Szacowany czas czytania\">\n\t<meta name=\"twitter:data1\" content=\"7 minut\">\n<script type=\"application\/ld+json\" class=\"yoast-schema-graph\">{\"@context\":\"https:\/\/schema.org\",\"@graph\":[{\"@type\":\"WebSite\",\"@id\":\"https:\/\/amg.info.pl\/#website\",\"url\":\"https:\/\/amg.info.pl\/\",\"name\":\"AMG\",\"description\":\"Ci\\u0105gniki sadownicze Antonio Carraro, ci\\u0105gniki rolnicze Zetor, \\u0142adowarki Thaler, koparki Bobcat, Nawigacja Hexagon\",\"potentialAction\":[{\"@type\":\"SearchAction\",\"target\":\"https:\/\/amg.info.pl\/?s={search_term_string}\",\"query-input\":\"required name=search_term_string\"}],\"inLanguage\":\"pl-PL\"},{\"@type\":\"ImageObject\",\"@id\":\"https:\/\/amg.info.pl\/index.php\/tigre\/#primaryimage\",\"inLanguage\":\"pl-PL\",\"url\":\"https:\/\/amg.info.pl\/wp-content\/uploads\/2021\/02\/scarica-brochure.png\",\"contentUrl\":\"https:\/\/amg.info.pl\/wp-content\/uploads\/2021\/02\/scarica-brochure.png\",\"width\":100,\"height\":100},{\"@type\":\"WebPage\",\"@id\":\"https:\/\/amg.info.pl\/index.php\/tigre\/#webpage\",\"url\":\"https:\/\/amg.info.pl\/index.php\/tigre\/\",\"name\":\"Tigre - AMG\",\"isPartOf\":{\"@id\":\"https:\/\/amg.info.pl\/#website\"},\"primaryImageOfPage\":{\"@id\":\"https:\/\/amg.info.pl\/index.php\/tigre\/#primaryimage\"},\"datePublished\":\"2025-10-18T17:48:30+00:00\",\"dateModified\":\"2025-10-27T10:12:36+00:00\",\"breadcrumb\":{\"@id\":\"https:\/\/amg.info.pl\/index.php\/tigre\/#breadcrumb\"},\"inLanguage\":\"pl-PL\",\"potentialAction\":[{\"@type\":\"ReadAction\",\"target\":[\"https:\/\/amg.info.pl\/index.php\/tigre\/\"]}]},{\"@type\":\"BreadcrumbList\",\"@id\":\"https:\/\/amg.info.pl\/index.php\/tigre\/#breadcrumb\",\"itemListElement\":[{\"@type\":\"ListItem\",\"position\":1,\"item\":{\"@type\":\"WebPage\",\"@id\":\"https:\/\/amg.info.pl\/\",\"url\":\"https:\/\/amg.info.pl\/\",\"name\":\"Strona g\\u0142\\u00f3wna\"}},{\"@type\":\"ListItem\",\"position\":2,\"item\":{\"@id\":\"https:\/\/amg.info.pl\/index.php\/tigre\/#webpage\"}}]}]}<\/script>\n<!-- \/ Yoast SEO plugin. -->","_links":{"self":[{"href":"https:\/\/amg.info.pl\/index.php\/wp-json\/wp\/v2\/pages\/3451"}],"collection":[{"href":"https:\/\/amg.info.pl\/index.php\/wp-json\/wp\/v2\/pages"}],"about":[{"href":"https:\/\/amg.info.pl\/index.php\/wp-json\/wp\/v2\/types\/page"}],"author":[{"embeddable":true,"href":"https:\/\/amg.info.pl\/index.php\/wp-json\/wp\/v2\/users\/1"}],"replies":[{"embeddable":true,"href":"https:\/\/amg.info.pl\/index.php\/wp-json\/wp\/v2\/comments?post=3451"}],"version-history":[{"count":9,"href":"https:\/\/amg.info.pl\/index.php\/wp-json\/wp\/v2\/pages\/3451\/revisions"}],"predecessor-version":[{"id":3814,"href":"https:\/\/amg.info.pl\/index.php\/wp-json\/wp\/v2\/pages\/3451\/revisions\/3814"}],"wp:attachment":[{"href":"https:\/\/amg.info.pl\/index.php\/wp-json\/wp\/v2\/media?parent=3451"}],"curies":[{"name":"wp","href":"https:\/\/api.w.org\/{rel}","templated":true}]}}