{"id":1072,"date":"2021-02-03T11:43:32","date_gmt":"2021-02-03T10:43:32","guid":{"rendered":"http:\/\/landini.info.pl\/?page_id=1072"},"modified":"2023-11-03T13:11:33","modified_gmt":"2023-11-03T12:11:33","slug":"maszyny","status":"publish","type":"page","link":"https:\/\/amg.info.pl\/index.php\/maszyny\/","title":{"rendered":"maszyny"},"content":{"rendered":"<p>[et_pb_section fb_built=&#8221;1&#8243; _builder_version=&#8221;4.9.1&#8243; _module_preset=&#8221;default&#8221; background_image=&#8221;https:\/\/amg.info.pl\/wp-content\/uploads\/2023\/11\/Ti10Hexagon.png&#8221; hover_enabled=&#8221;0&#8243; custom_css_main_element=&#8221;height:70vh;&#8221; title_text=&#8221;Ti10Hexagon&#8221; sticky_enabled=&#8221;0&#8243;][\/et_pb_section][et_pb_section fb_built=&#8221;1&#8243; _builder_version=&#8221;4.8.1&#8243; _module_preset=&#8221;default&#8221; background_color=&#8221;#000000&#8243; custom_css_main_element=&#8221;height:50px;||margin:0px;||padding:0px;&#8221; border_width_bottom=&#8221;4px&#8221; border_color_bottom=&#8221;#0c71c3&#8243;][et_pb_row _builder_version=&#8221;4.8.1&#8243; _module_preset=&#8221;default&#8221;][et_pb_column type=&#8221;4_4&#8243; _builder_version=&#8221;4.8.1&#8243; _module_preset=&#8221;default&#8221;][et_pb_text _builder_version=&#8221;4.8.1&#8243; _module_preset=&#8221;default&#8221; text_text_color=&#8221;#FFFFFF&#8221; text_font_size=&#8221;17px&#8221; custom_margin=&#8221;-15px||||false|false&#8221; custom_padding=&#8221;0px||0px||false|false&#8221;]<\/p>\n<p style=\"text-align: center;\"><strong>NAWIGACJA PRECYZYJNA<\/strong><\/p>\n<p>[\/et_pb_text][\/et_pb_column][\/et_pb_row][\/et_pb_section][et_pb_section fb_built=&#8221;1&#8243; _builder_version=&#8221;4.8.1&#8243; _module_preset=&#8221;default&#8221;][et_pb_row _builder_version=&#8221;4.8.1&#8243; _module_preset=&#8221;default&#8221;][et_pb_column type=&#8221;4_4&#8243; _builder_version=&#8221;4.8.1&#8243; _module_preset=&#8221;default&#8221;][et_pb_text _builder_version=&#8221;4.8.1&#8243; _module_preset=&#8221;default&#8221; text_text_color=&#8221;#000000&#8243; text_font_size=&#8221;40px&#8221; text_line_height=&#8221;1.3em&#8221;]<\/p>\n<p style=\"text-align: center;\" class='naglowek'>Wszystkie aukcje nawigacji\u00a0<strong><em>HEXAGON AGRICULTURE\u00a0<\/em><\/strong>dost\u0119pne w naszym <a href=\"https:\/\/sklep.landini.info.pl\/pl\/c\/Nawigacja-Precyzyjna\/22\">sklepie.<\/a><\/p>\n<p>[\/et_pb_text][\/et_pb_column][\/et_pb_row][et_pb_row _builder_version=&#8221;4.8.1&#8243; _module_preset=&#8221;default&#8221;][et_pb_column type=&#8221;4_4&#8243; _builder_version=&#8221;4.8.1&#8243; _module_preset=&#8221;default&#8221;][et_pb_text _builder_version=&#8221;4.8.1&#8243; _module_preset=&#8221;default&#8221; custom_margin=&#8221;||16px|||&#8221; custom_padding=&#8221;0px|||||&#8221;]<\/p>\n<hr>\n<\/hr>\n<p>[\/et_pb_text][et_pb_text _builder_version=&#8221;4.8.1&#8243; _module_preset=&#8221;default&#8221; text_text_color=&#8221;#000000&#8243; text_font_size=&#8221;30px&#8221; custom_margin=&#8221;-2px|||||&#8221;]<\/p>\n<p style=\"text-align: center;\">Galeria obraz\u00f3w<\/p>\n<p>[\/et_pb_text][\/et_pb_column][\/et_pb_row][et_pb_row _builder_version=&#8221;4.8.1&#8243; _module_preset=&#8221;default&#8221;][et_pb_column type=&#8221;4_4&#8243; _builder_version=&#8221;4.8.1&#8243; _module_preset=&#8221;default&#8221;][et_pb_gallery gallery_ids=&#8221;1087,1089,1093&#8243; show_title_and_caption=&#8221;off&#8221; show_pagination=&#8221;off&#8221; _builder_version=&#8221;4.8.1&#8243; _module_preset=&#8221;default&#8221;][\/et_pb_gallery][\/et_pb_column][\/et_pb_row][\/et_pb_section][et_pb_section fb_built=&#8221;1&#8243; _builder_version=&#8221;4.8.1&#8243; _module_preset=&#8221;default&#8221; background_color=&#8221;#292a2b&#8221; custom_padding=&#8221;||2px|||&#8221;][et_pb_row _builder_version=&#8221;4.8.1&#8243; _module_preset=&#8221;default&#8221;][et_pb_column type=&#8221;4_4&#8243; _builder_version=&#8221;4.8.1&#8243; _module_preset=&#8221;default&#8221;][et_pb_text _builder_version=&#8221;4.8.1&#8243; _module_preset=&#8221;default&#8221; text_text_color=&#8221;#FFFFFF&#8221; text_font_size=&#8221;25px&#8221; text_line_height=&#8221;1.2em&#8221;]<\/p>\n<p style=\"text-align: center;\"><strong>Do zaoferowania mamy profesjonaln\u0105 nawigacj\u0119 marki HEXAGON AGRICULTURE.<br \/> Potentata w dziedzinie nawigacji precyzyjnej.<\/strong><\/p>\n<p>[\/et_pb_text][\/et_pb_column][\/et_pb_row][et_pb_row _builder_version=&#8221;4.8.1&#8243; _module_preset=&#8221;default&#8221; custom_padding=&#8221;10px|||||&#8221;][et_pb_column type=&#8221;4_4&#8243; _builder_version=&#8221;4.8.1&#8243; _module_preset=&#8221;default&#8221;][et_pb_text _builder_version=&#8221;4.8.1&#8243; _module_preset=&#8221;default&#8221; text_text_color=&#8221;#FFFFFF&#8221; text_font_size=&#8221;17px&#8221;]<\/p>\n<p style=\"text-align: center;\">Oferujemy Zestaw :<br \/> Centralka z wy\u015bwietlaczem 5&#8242; z aluminiow\u0105 obudow\u0105 pe\u0142nym okablowaniem i mocowaniem.<br \/> Siln\u0105 Antene (ARVUS L1) do odbioru sygna\u0142\u00f3w L1 10 Hz GLONNAS z mocowaniami do ciagnika<\/p>\n<p>[\/et_pb_text][\/et_pb_column][\/et_pb_row][et_pb_row _builder_version=&#8221;4.8.1&#8243; _module_preset=&#8221;default&#8221; width=&#8221;100%&#8221; max_width=&#8221;2560px&#8221; custom_padding=&#8221;||5px|||&#8221;][et_pb_column type=&#8221;4_4&#8243; _builder_version=&#8221;4.8.1&#8243; _module_preset=&#8221;default&#8221;][et_pb_image src=&#8221;http:\/\/landini.info.pl\/wp-content\/uploads\/2021\/02\/Hexagon_AG_ISOBUS_-Terminal_Universal.png&#8221; title_text=&#8221;Hexagon_AG_ISOBUS_ Terminal_Universal&#8221; align=&#8221;center&#8221; _builder_version=&#8221;4.8.1&#8243; _module_preset=&#8221;default&#8221; custom_padding=&#8221;||0px|||&#8221;][\/et_pb_image][\/et_pb_column][\/et_pb_row][\/et_pb_section][et_pb_section fb_built=&#8221;1&#8243; _builder_version=&#8221;4.8.1&#8243; _module_preset=&#8221;default&#8221;][et_pb_row _builder_version=&#8221;4.8.1&#8243; _module_preset=&#8221;default&#8221;][et_pb_column type=&#8221;4_4&#8243; _builder_version=&#8221;4.8.1&#8243; _module_preset=&#8221;default&#8221;][et_pb_text _builder_version=&#8221;4.8.1&#8243; _module_preset=&#8221;default&#8221; text_text_color=&#8221;#000000&#8243; text_font_size=&#8221;17px&#8221;]<\/p>\n<p style=\"text-align: center;\"><strong>W linku do \u015bci\u0105gni\u0119cia wizualizacj\u0119 i pe\u0142ne specyfikacje :<\/strong><br \/><strong> <a href=\"https:\/\/www.youtube.com\/watch?v=cwtjwSaexv8\">https:\/\/www.youtube.com\/watch?v=cwtjwSaexv8<\/a><\/strong><br \/><strong> <a href=\"https:\/\/www.youtube.com\/watch?v=JDShm2z8j_4\">https:\/\/www.youtube.com\/watch?v=JDShm2z8j_4<\/a><\/strong><br \/><strong> Prezentacja co jest w pude\u0142ku:<\/strong><br \/><strong> <a href=\"https:\/\/www.youtube.com\/watch?v=mSm21zy2nQY\">https:\/\/www.youtube.com\/watch?v=mSm21zy2nQY<\/a><\/strong><br \/><strong> <a href=\"https:\/\/www.youtube.com\/watch?v=dVnGYDO8Dhg\">https:\/\/www.youtube.com\/watch?v=dVnGYDO8Dhg<\/a><\/strong><\/p>\n<p>[\/et_pb_text][\/et_pb_column][\/et_pb_row][et_pb_row _builder_version=&#8221;4.8.1&#8243; _module_preset=&#8221;default&#8221; width=&#8221;100%&#8221; max_width=&#8221;2560px&#8221;][et_pb_column type=&#8221;4_4&#8243; _builder_version=&#8221;4.8.1&#8243; _module_preset=&#8221;default&#8221;][et_pb_image src=&#8221;http:\/\/landini.info.pl\/wp-content\/uploads\/2021\/02\/015.jpg&#8221; title_text=&#8221;015&#8243; _builder_version=&#8221;4.8.1&#8243; _module_preset=&#8221;default&#8221;][\/et_pb_image][\/et_pb_column][\/et_pb_row][et_pb_row _builder_version=&#8221;4.8.1&#8243; _module_preset=&#8221;default&#8221;][et_pb_column type=&#8221;4_4&#8243; _builder_version=&#8221;4.8.1&#8243; _module_preset=&#8221;default&#8221;][et_pb_text _builder_version=&#8221;4.8.1&#8243; _module_preset=&#8221;default&#8221; text_text_color=&#8221;#000000&#8243; text_font_size=&#8221;25px&#8221; text_line_height=&#8221;1.4em&#8221;]<\/p>\n<p style=\"text-align: left;\"><strong>Sprzedaje to dystrybutor na Polsk\u0119 firma AMG z Rawy Mazowieckiej wraz z obs\u0142ug\u0105 gwarancyjn\u0105.<\/strong><\/p>\n<p>[\/et_pb_text][et_pb_text _builder_version=&#8221;4.8.1&#8243; _module_preset=&#8221;default&#8221; text_text_color=&#8221;#000000&#8243; text_font_size=&#8221;17px&#8221;]<\/p>\n<p style=\"text-align: left;\">Posiadamy r\u00f3\u017cne kombinacje zestaw\u00f3w nawigacji \u0142\u0105cznie z elektrycznym sterowaniem kierownicy, precyzyjnym abonamentowym systemem 4cm oraz 2 cm dok\u0142adno\u015bci z pokryciem na terenie ca\u0142ej polski. Zapraszamy do kontaktu ! Wycenimy , zamontujemy , przetestujemy !<\/p>\n<p style=\"text-align: left;\">&#8211; Monitor , wy\u015bwietlacz Ti5. Monitor to centrum sterowania nawigacj\u0105 oraz ewentualnie maszynami podpi\u0119tymi do ci\u0105gnika jak opryskiwaczem, sadzark\u0105, rozrzutnikiem, rozsiewaczem, siewnikiem etc.<\/p>\n<p style=\"text-align: left;\">Mo\u017cliwo\u015b\u0107 zintegrowania z automatycznym sterowaniem ci\u0105gnika &#8211; Kierownica z silnikiem elektrycznym.<\/p>\n<p style=\"text-align: left;\">Inne dost\u0119pne opcje i zestawy :<\/p>\n<p style=\"text-align: left;\">&#8211; Nawigacja GPS HEXAGON AGRICULTURE Ti5 28cm bez abonamentu ! Zawory ARAG !<\/p>\n<p style=\"text-align: left;\">&#8211; Centralka 10 sekcyjna do sterowania opryskiwaczem . Zarz\u0105dzanie sekcjami oraz dawk\u0105 na hektar.<\/p>\n<p style=\"text-align: left;\">&#8211; Kierownica elektryczna wraz z monta\u017cem<\/p>\n<p style=\"text-align: left;\">&#8211; Wpi\u0119cie si\u0119 w hydrauliczno-kierowniczy uk\u0142ad sterowania ci\u0105gnika wraz z monta\u017cem<\/p>\n<p style=\"text-align: left;\">&#8211; Centralka zarz\u0105dzaj\u0105ca 18 sekcjami siewnika<\/p>\n<p>[\/et_pb_text][\/et_pb_column][\/et_pb_row][\/et_pb_section]<\/p>\n","protected":false},"excerpt":{"rendered":"<p>[et_pb_section fb_built=&#8221;1&#8243; _builder_version=&#8221;4.9.1&#8243; _module_preset=&#8221;default&#8221; background_image=&#8221;https:\/\/amg.info.pl\/wp-content\/uploads\/2023\/11\/Ti10Hexagon.png&#8221; hover_enabled=&#8221;0&#8243; custom_css_main_element=&#8221;height:70vh;&#8221; title_text=&#8221;Ti10Hexagon&#8221; sticky_enabled=&#8221;0&#8243;][\/et_pb_section][et_pb_section fb_built=&#8221;1&#8243; _builder_version=&#8221;4.8.1&#8243; _module_preset=&#8221;default&#8221; background_color=&#8221;#000000&#8243; custom_css_main_element=&#8221;height:50px;||margin:0px;||padding:0px;&#8221; border_width_bottom=&#8221;4px&#8221; border_color_bottom=&#8221;#0c71c3&#8243;][et_pb_row _builder_version=&#8221;4.8.1&#8243; _module_preset=&#8221;default&#8221;][et_pb_column type=&#8221;4_4&#8243; _builder_version=&#8221;4.8.1&#8243; _module_preset=&#8221;default&#8221;][et_pb_text _builder_version=&#8221;4.8.1&#8243; _module_preset=&#8221;default&#8221; text_text_color=&#8221;#FFFFFF&#8221; text_font_size=&#8221;17px&#8221; custom_margin=&#8221;-15px||||false|false&#8221; custom_padding=&#8221;0px||0px||false|false&#8221;] NAWIGACJA PRECYZYJNA [\/et_pb_text][\/et_pb_column][\/et_pb_row][\/et_pb_section][et_pb_section fb_built=&#8221;1&#8243; _builder_version=&#8221;4.8.1&#8243; _module_preset=&#8221;default&#8221;][et_pb_row _builder_version=&#8221;4.8.1&#8243; _module_preset=&#8221;default&#8221;][et_pb_column type=&#8221;4_4&#8243; _builder_version=&#8221;4.8.1&#8243; _module_preset=&#8221;default&#8221;][et_pb_text _builder_version=&#8221;4.8.1&#8243; _module_preset=&#8221;default&#8221; text_text_color=&#8221;#000000&#8243; text_font_size=&#8221;40px&#8221; text_line_height=&#8221;1.3em&#8221;] Wszystkie aukcje nawigacji\u00a0HEXAGON AGRICULTURE\u00a0dost\u0119pne w naszym sklepie. [\/et_pb_text][\/et_pb_column][\/et_pb_row][et_pb_row _builder_version=&#8221;4.8.1&#8243; _module_preset=&#8221;default&#8221;][et_pb_column type=&#8221;4_4&#8243; _builder_version=&#8221;4.8.1&#8243; [&hellip;]<\/p>\n","protected":false},"author":1,"featured_media":0,"parent":0,"menu_order":0,"comment_status":"closed","ping_status":"closed","template":"","meta":{"_et_pb_use_builder":"on","_et_pb_old_content":"","_et_gb_content_width":""},"yoast_head":"<!-- This site is optimized with the Yoast SEO plugin v16.3 - https:\/\/yoast.com\/wordpress\/plugins\/seo\/ -->\n<title>maszyny - AMG<\/title>\n<meta name=\"robots\" content=\"index, follow, max-snippet:-1, max-image-preview:large, max-video-preview:-1\" \/>\n<link rel=\"canonical\" href=\"https:\/\/amg.info.pl\/index.php\/maszyny\/\" \/>\n<meta property=\"og:locale\" content=\"pl_PL\" \/>\n<meta property=\"og:type\" content=\"article\" \/>\n<meta property=\"og:title\" content=\"maszyny - AMG\" \/>\n<meta property=\"og:description\" content=\"[et_pb_section fb_built=&#8221;1&#8243; _builder_version=&#8221;4.9.1&#8243; _module_preset=&#8221;default&#8221; background_image=&#8221;https:\/\/amg.info.pl\/wp-content\/uploads\/2023\/11\/Ti10Hexagon.png&#8221; hover_enabled=&#8221;0&#8243; custom_css_main_element=&#8221;height:70vh;&#8221; title_text=&#8221;Ti10Hexagon&#8221; sticky_enabled=&#8221;0&#8243;][\/et_pb_section][et_pb_section fb_built=&#8221;1&#8243; _builder_version=&#8221;4.8.1&#8243; _module_preset=&#8221;default&#8221; background_color=&#8221;#000000&#8243; custom_css_main_element=&#8221;height:50px;||margin:0px;||padding:0px;&#8221; border_width_bottom=&#8221;4px&#8221; border_color_bottom=&#8221;#0c71c3&#8243;][et_pb_row _builder_version=&#8221;4.8.1&#8243; _module_preset=&#8221;default&#8221;][et_pb_column type=&#8221;4_4&#8243; _builder_version=&#8221;4.8.1&#8243; _module_preset=&#8221;default&#8221;][et_pb_text _builder_version=&#8221;4.8.1&#8243; _module_preset=&#8221;default&#8221; text_text_color=&#8221;#FFFFFF&#8221; text_font_size=&#8221;17px&#8221; custom_margin=&#8221;-15px||||false|false&#8221; custom_padding=&#8221;0px||0px||false|false&#8221;] NAWIGACJA PRECYZYJNA [\/et_pb_text][\/et_pb_column][\/et_pb_row][\/et_pb_section][et_pb_section fb_built=&#8221;1&#8243; _builder_version=&#8221;4.8.1&#8243; _module_preset=&#8221;default&#8221;][et_pb_row _builder_version=&#8221;4.8.1&#8243; _module_preset=&#8221;default&#8221;][et_pb_column type=&#8221;4_4&#8243; _builder_version=&#8221;4.8.1&#8243; _module_preset=&#8221;default&#8221;][et_pb_text _builder_version=&#8221;4.8.1&#8243; _module_preset=&#8221;default&#8221; text_text_color=&#8221;#000000&#8243; text_font_size=&#8221;40px&#8221; text_line_height=&#8221;1.3em&#8221;] Wszystkie aukcje nawigacji\u00a0HEXAGON AGRICULTURE\u00a0dost\u0119pne w naszym sklepie. [\/et_pb_text][\/et_pb_column][\/et_pb_row][et_pb_row _builder_version=&#8221;4.8.1&#8243; _module_preset=&#8221;default&#8221;][et_pb_column type=&#8221;4_4&#8243; _builder_version=&#8221;4.8.1&#8243; [&hellip;]\" \/>\n<meta property=\"og:url\" content=\"https:\/\/amg.info.pl\/index.php\/maszyny\/\" \/>\n<meta property=\"og:site_name\" content=\"AMG\" \/>\n<meta property=\"article:modified_time\" content=\"2023-11-03T12:11:33+00:00\" \/>\n<meta name=\"twitter:card\" content=\"summary_large_image\" \/>\n<meta name=\"twitter:label1\" content=\"Szacowany czas czytania\">\n\t<meta name=\"twitter:data1\" content=\"4 minuty\">\n<script type=\"application\/ld+json\" class=\"yoast-schema-graph\">{\"@context\":\"https:\/\/schema.org\",\"@graph\":[{\"@type\":\"WebSite\",\"@id\":\"https:\/\/amg.info.pl\/#website\",\"url\":\"https:\/\/amg.info.pl\/\",\"name\":\"AMG\",\"description\":\"Ci\\u0105gniki sadownicze Antonio Carraro, ci\\u0105gniki rolnicze Zetor, \\u0142adowarki Thaler, koparki Bobcat, Nawigacja Hexagon\",\"potentialAction\":[{\"@type\":\"SearchAction\",\"target\":\"https:\/\/amg.info.pl\/?s={search_term_string}\",\"query-input\":\"required name=search_term_string\"}],\"inLanguage\":\"pl-PL\"},{\"@type\":\"WebPage\",\"@id\":\"https:\/\/amg.info.pl\/index.php\/maszyny\/#webpage\",\"url\":\"https:\/\/amg.info.pl\/index.php\/maszyny\/\",\"name\":\"maszyny - AMG\",\"isPartOf\":{\"@id\":\"https:\/\/amg.info.pl\/#website\"},\"datePublished\":\"2021-02-03T10:43:32+00:00\",\"dateModified\":\"2023-11-03T12:11:33+00:00\",\"breadcrumb\":{\"@id\":\"https:\/\/amg.info.pl\/index.php\/maszyny\/#breadcrumb\"},\"inLanguage\":\"pl-PL\",\"potentialAction\":[{\"@type\":\"ReadAction\",\"target\":[\"https:\/\/amg.info.pl\/index.php\/maszyny\/\"]}]},{\"@type\":\"BreadcrumbList\",\"@id\":\"https:\/\/amg.info.pl\/index.php\/maszyny\/#breadcrumb\",\"itemListElement\":[{\"@type\":\"ListItem\",\"position\":1,\"item\":{\"@type\":\"WebPage\",\"@id\":\"https:\/\/amg.info.pl\/\",\"url\":\"https:\/\/amg.info.pl\/\",\"name\":\"Strona g\\u0142\\u00f3wna\"}},{\"@type\":\"ListItem\",\"position\":2,\"item\":{\"@id\":\"https:\/\/amg.info.pl\/index.php\/maszyny\/#webpage\"}}]}]}<\/script>\n<!-- \/ Yoast SEO plugin. -->","_links":{"self":[{"href":"https:\/\/amg.info.pl\/index.php\/wp-json\/wp\/v2\/pages\/1072"}],"collection":[{"href":"https:\/\/amg.info.pl\/index.php\/wp-json\/wp\/v2\/pages"}],"about":[{"href":"https:\/\/amg.info.pl\/index.php\/wp-json\/wp\/v2\/types\/page"}],"author":[{"embeddable":true,"href":"https:\/\/amg.info.pl\/index.php\/wp-json\/wp\/v2\/users\/1"}],"replies":[{"embeddable":true,"href":"https:\/\/amg.info.pl\/index.php\/wp-json\/wp\/v2\/comments?post=1072"}],"version-history":[{"count":14,"href":"https:\/\/amg.info.pl\/index.php\/wp-json\/wp\/v2\/pages\/1072\/revisions"}],"predecessor-version":[{"id":2972,"href":"https:\/\/amg.info.pl\/index.php\/wp-json\/wp\/v2\/pages\/1072\/revisions\/2972"}],"wp:attachment":[{"href":"https:\/\/amg.info.pl\/index.php\/wp-json\/wp\/v2\/media?parent=1072"}],"curies":[{"name":"wp","href":"https:\/\/api.w.org\/{rel}","templated":true}]}}